{"id":163842,"date":"2018-03-03T22:58:32","date_gmt":"2018-03-04T06:58:32","guid":{"rendered":"https:\/\/biblicalevangelism.com\/memorizando-escrituras\/"},"modified":"2024-03-14T04:26:03","modified_gmt":"2024-03-14T11:26:03","slug":"memorizando-escrituras","status":"publish","type":"page","link":"https:\/\/biblicalevangelism.com\/es\/memorizando-escrituras\/","title":{"rendered":"Memorizando Escrituras"},"content":{"rendered":"\t\t<div data-elementor-type=\"wp-post\" data-elementor-id=\"163842\" class=\"elementor elementor-163842 elementor-18304\" data-elementor-settings=\"{&quot;element_pack_global_tooltip_width&quot;:{&quot;unit&quot;:&quot;px&quot;,&quot;size&quot;:&quot;&quot;,&quot;sizes&quot;:[]},&quot;element_pack_global_tooltip_width_tablet&quot;:{&quot;unit&quot;:&quot;px&quot;,&quot;size&quot;:&quot;&quot;,&quot;sizes&quot;:[]},&quot;element_pack_global_tooltip_width_mobile&quot;:{&quot;unit&quot;:&quot;px&quot;,&quot;size&quot;:&quot;&quot;,&quot;sizes&quot;:[]},&quot;element_pack_global_tooltip_padding&quot;:{&quot;unit&quot;:&quot;px&quot;,&quot;top&quot;:&quot;&quot;,&quot;right&quot;:&quot;&quot;,&quot;bottom&quot;:&quot;&quot;,&quot;left&quot;:&quot;&quot;,&quot;isLinked&quot;:true},&quot;element_pack_global_tooltip_padding_tablet&quot;:{&quot;unit&quot;:&quot;px&quot;,&quot;top&quot;:&quot;&quot;,&quot;right&quot;:&quot;&quot;,&quot;bottom&quot;:&quot;&quot;,&quot;left&quot;:&quot;&quot;,&quot;isLinked&quot;:true},&quot;element_pack_global_tooltip_padding_mobile&quot;:{&quot;unit&quot;:&quot;px&quot;,&quot;top&quot;:&quot;&quot;,&quot;right&quot;:&quot;&quot;,&quot;bottom&quot;:&quot;&quot;,&quot;left&quot;:&quot;&quot;,&quot;isLinked&quot;:true},&quot;element_pack_global_tooltip_border_radius&quot;:{&quot;unit&quot;:&quot;px&quot;,&quot;top&quot;:&quot;&quot;,&quot;right&quot;:&quot;&quot;,&quot;bottom&quot;:&quot;&quot;,&quot;left&quot;:&quot;&quot;,&quot;isLinked&quot;:true},&quot;element_pack_global_tooltip_border_radius_tablet&quot;:{&quot;unit&quot;:&quot;px&quot;,&quot;top&quot;:&quot;&quot;,&quot;right&quot;:&quot;&quot;,&quot;bottom&quot;:&quot;&quot;,&quot;left&quot;:&quot;&quot;,&quot;isLinked&quot;:true},&quot;element_pack_global_tooltip_border_radius_mobile&quot;:{&quot;unit&quot;:&quot;px&quot;,&quot;top&quot;:&quot;&quot;,&quot;right&quot;:&quot;&quot;,&quot;bottom&quot;:&quot;&quot;,&quot;left&quot;:&quot;&quot;,&quot;isLinked&quot;:true}}\" data-elementor-post-type=\"page\">\n\t\t\t\t<div class=\"elementor-element elementor-element-ac62a61 e-con-full e-flex e-con e-parent\" data-id=\"ac62a61\" data-element_type=\"container\">\n\t\t\t\t<div class=\"elementor-element elementor-element-3c534ba elementor-widget elementor-widget-template\" data-id=\"3c534ba\" data-element_type=\"widget\" data-widget_type=\"template.default\">\n\t\t\t\t<div class=\"elementor-widget-container\">\n\t\t\t\t\t\t\t<div class=\"elementor-template\">\n\t\t\t\t\t<div data-elementor-type=\"page\" data-elementor-id=\"614761\" class=\"elementor elementor-614761\" data-elementor-settings=\"{&quot;element_pack_global_tooltip_width&quot;:{&quot;unit&quot;:&quot;px&quot;,&quot;size&quot;:&quot;&quot;,&quot;sizes&quot;:[]},&quot;element_pack_global_tooltip_width_tablet&quot;:{&quot;unit&quot;:&quot;px&quot;,&quot;size&quot;:&quot;&quot;,&quot;sizes&quot;:[]},&quot;element_pack_global_tooltip_width_mobile&quot;:{&quot;unit&quot;:&quot;px&quot;,&quot;size&quot;:&quot;&quot;,&quot;sizes&quot;:[]},&quot;element_pack_global_tooltip_padding&quot;:{&quot;unit&quot;:&quot;px&quot;,&quot;top&quot;:&quot;&quot;,&quot;right&quot;:&quot;&quot;,&quot;bottom&quot;:&quot;&quot;,&quot;left&quot;:&quot;&quot;,&quot;isLinked&quot;:true},&quot;element_pack_global_tooltip_padding_tablet&quot;:{&quot;unit&quot;:&quot;px&quot;,&quot;top&quot;:&quot;&quot;,&quot;right&quot;:&quot;&quot;,&quot;bottom&quot;:&quot;&quot;,&quot;left&quot;:&quot;&quot;,&quot;isLinked&quot;:true},&quot;element_pack_global_tooltip_padding_mobile&quot;:{&quot;unit&quot;:&quot;px&quot;,&quot;top&quot;:&quot;&quot;,&quot;right&quot;:&quot;&quot;,&quot;bottom&quot;:&quot;&quot;,&quot;left&quot;:&quot;&quot;,&quot;isLinked&quot;:true},&quot;element_pack_global_tooltip_border_radius&quot;:{&quot;unit&quot;:&quot;px&quot;,&quot;top&quot;:&quot;&quot;,&quot;right&quot;:&quot;&quot;,&quot;bottom&quot;:&quot;&quot;,&quot;left&quot;:&quot;&quot;,&quot;isLinked&quot;:true},&quot;element_pack_global_tooltip_border_radius_tablet&quot;:{&quot;unit&quot;:&quot;px&quot;,&quot;top&quot;:&quot;&quot;,&quot;right&quot;:&quot;&quot;,&quot;bottom&quot;:&quot;&quot;,&quot;left&quot;:&quot;&quot;,&quot;isLinked&quot;:true},&quot;element_pack_global_tooltip_border_radius_mobile&quot;:{&quot;unit&quot;:&quot;px&quot;,&quot;top&quot;:&quot;&quot;,&quot;right&quot;:&quot;&quot;,&quot;bottom&quot;:&quot;&quot;,&quot;left&quot;:&quot;&quot;,&quot;isLinked&quot;:true}}\" data-elementor-post-type=\"elementor_library\">\n\t\t\t\t<div class=\"elementor-element elementor-element-9e48056 e-flex e-con-boxed e-con e-parent\" data-id=\"9e48056\" data-element_type=\"container\" data-settings=\"{&quot;background_background&quot;:&quot;classic&quot;}\">\n\t\t\t\t\t<div class=\"e-con-inner\">\n\t\t<div class=\"elementor-element elementor-element-e86e3fc e-con-full e-flex e-con e-child\" data-id=\"e86e3fc\" data-element_type=\"container\">\n\t\t\t\t<div class=\"elementor-element elementor-element-8c8bc7d elementor-widget elementor-widget-heading\" data-id=\"8c8bc7d\" data-element_type=\"widget\" data-widget_type=\"heading.default\">\n\t\t\t\t<div class=\"elementor-widget-container\">\n\t\t\t\t\t<h2 class=\"elementor-heading-title elementor-size-default\">Memorizando Escrituras<\/h2>\t\t\t\t<\/div>\n\t\t\t\t<\/div>\n\t\t\t\t<\/div>\n\t\t\t\t\t<\/div>\n\t\t\t\t<\/div>\n\t\t\t\t<section class=\"elementor-section elementor-top-section elementor-element elementor-element-422a48d9 elementor-section-boxed elementor-section-height-default elementor-section-height-default\" data-id=\"422a48d9\" data-element_type=\"section\">\n\t\t\t\t\t\t<div class=\"elementor-container elementor-column-gap-default\">\n\t\t\t\t\t<div class=\"elementor-column elementor-col-100 elementor-top-column elementor-element elementor-element-7645d32a\" data-id=\"7645d32a\" data-element_type=\"column\">\n\t\t\t<div class=\"elementor-widget-wrap elementor-element-populated\">\n\t\t\t\t\t\t<div class=\"elementor-element elementor-element-70317a0a elementor-widget elementor-widget-ee-breadcrumbs\" data-id=\"70317a0a\" data-element_type=\"widget\" data-widget_type=\"ee-breadcrumbs.default\">\n\t\t\t\t<div class=\"elementor-widget-container\">\n\t\t\t\t\t<ul class=\"ee-breadcrumbs\" itemscope=\"\" itemtype=\"http:\/\/schema.org\/BreadcrumbList\"><\/ul>\t\t\t\t<\/div>\n\t\t\t\t<\/div>\n\t\t\t\t\t<\/div>\n\t\t<\/div>\n\t\t\t\t\t<\/div>\n\t\t<\/section>\n\t\t\t\t<\/div>\n\t\t\t\t<\/div>\n\t\t\t\t\t\t<\/div>\n\t\t\t\t<\/div>\n\t\t\t\t<\/div>\n\t\t\t\t<section class=\"elementor-section elementor-top-section elementor-element elementor-element-80b8b6f elementor-section-boxed elementor-section-height-default elementor-section-height-default\" data-id=\"80b8b6f\" data-element_type=\"section\">\n\t\t\t\t\t\t<div class=\"elementor-container elementor-column-gap-default\">\n\t\t\t\t\t<div class=\"elementor-column elementor-col-100 elementor-top-column elementor-element elementor-element-87a4b9b\" data-id=\"87a4b9b\" data-element_type=\"column\">\n\t\t\t<div class=\"elementor-widget-wrap elementor-element-populated\">\n\t\t\t\t\t\t<div class=\"elementor-element elementor-element-466fd758 elementor-widget elementor-widget-text-editor\" data-id=\"466fd758\" data-element_type=\"widget\" data-widget_type=\"text-editor.default\">\n\t\t\t\t<div class=\"elementor-widget-container\">\n\t\t\t\t\t\t\t\t\t<p>Es importante que todo cristiano guarde la palabra de Dios en su coraz\u00f3n. Sin embargo, al igual que el evangelismo, todos sabemos que lo debemos hacer, pero a menudo no sabemos c\u00f3mo. Existen diferentes maneras para memorizar la palabra de Dios. La siguiente es una sugerencia y es un m\u00e9todo que yo utilizo.<\/p>\n<h2>M\u00e9todo de Tarjetas de Memorizaci\u00f3n<\/h2>\n<p>En una tarjeta de aproximadamente 3&#215;5 o de 2&#215;4 pulgadas escribe el verso a memorizar. En la parte superior izquierda escriba el nombre de un tema para asignarle una categor\u00eda al verso, y en la parte superior derecha escribe la referencia del vers\u00edculo. Escriba la referencia una vez m\u00e1s abajo del vers\u00edculo. Lea el verso dos o tres veces en voz alta. Ponga atenci\u00f3n en el sonido del verso, y busque se\u00f1ales especificas tales como palabras en orden alfab\u00e9tico.<\/p>\n<p>Mientras empiezas a memorizar el verso, di en voz alta el <em><strong>Tema &gt; Referencia &gt; Verso &gt; Referencia<\/strong><\/em>, una porci\u00f3n a la vez. Aqu\u00ed esta un ejemplo:<\/p>\n<ul>\n<li>El amor de Dios &gt; Romanos 5:8 &gt; \u201cPero Dios demostr\u00f3 su amor\u201d &gt; Romanos 5:8 <\/li>\n<li>El amor de Dios &gt; Romanos 5:8 &gt; \u201cPero Dios demostr\u00f3 su amor por nosotros en que\u201d &gt; Romanos 5:8 <\/li>\n<li>El amor de Dios &gt; Romanos 5:8 &gt; \u201cPero Dios demostr\u00f3 su amor por nosotros en que, cuando a\u00fan \u00e9ramos pecadores\u201d &gt; Romanos 5:8 <\/li>\n<li>El amor de Dios &gt; Romanos 5:8 &gt; \u201cPero Dios demostr\u00f3 su amor por nosotros en que, cuando a\u00fan \u00e9ramos pecadores, Cristo muri\u00f3 por nosotros\u201d &gt; Romanos 5:8 <\/li>\n<\/ul>\n<p>Repite cada frase hasta que puedas repetir el verso correctamente hasta ese punto. Despu\u00e9s vuelve a repetirlo varias veces mas para que quede grabado en tu memoria. Rep\u00edtelo durante el d\u00eda:<\/p>\n<blockquote>\n<p>El amor de Dios<br \/>Romanos 5:8<br \/>\u201cPero Dios demostr\u00f3 su amor por nosotros en que, cuando a\u00fan \u00e9ramos pecadores, Cristo muri\u00f3 por nosotros.\u201d<br \/>Romanos 5:8<\/p>\n<\/blockquote>\n\t\t\t\t\t\t\t\t<\/div>\n\t\t\t\t<\/div>\n\t\t\t\t<div class=\"elementor-element elementor-element-e6b781d elementor-alert-info elementor-widget elementor-widget-alert\" data-id=\"e6b781d\" data-element_type=\"widget\" data-widget_type=\"alert.default\">\n\t\t\t\t<div class=\"elementor-widget-container\">\n\t\t\t\t\t\t\t<div class=\"elementor-alert\" role=\"alert\">\n\n\t\t\t\t\t\t<span class=\"elementor-alert-title\">CONSEJO<\/span>\n\t\t\t\n\t\t\t\t\t\t<span class=\"elementor-alert-description\"><p>Tambi\u00e9n ser\u00e1 de gran ayuda escribir en la parte posterior de la tarjeta, lo que el verso significa para ti y tu meditaci\u00f3n del verso<\/p>\n<\/span>\n\t\t\t\n\t\t\t\n\t\t<\/div>\n\t\t\t\t\t\t<\/div>\n\t\t\t\t<\/div>\n\t\t\t\t\t<\/div>\n\t\t<\/div>\n\t\t\t\t\t<\/div>\n\t\t<\/section>\n\t\t\t\t<section class=\"elementor-section elementor-top-section elementor-element elementor-element-1606ae9 elementor-section-boxed elementor-section-height-default elementor-section-height-default\" data-id=\"1606ae9\" data-element_type=\"section\">\n\t\t\t\t\t\t<div class=\"elementor-container elementor-column-gap-default\">\n\t\t\t\t\t<div class=\"elementor-column elementor-col-100 elementor-top-column elementor-element elementor-element-d1966a6\" data-id=\"d1966a6\" data-element_type=\"column\" data-settings=\"{&quot;background_background&quot;:&quot;classic&quot;}\">\n\t\t\t<div class=\"elementor-widget-wrap elementor-element-populated\">\n\t\t\t\t\t\t<div class=\"elementor-element elementor-element-dc76e14 elementor-widget elementor-widget-text-editor\" data-id=\"dc76e14\" data-element_type=\"widget\" data-widget_type=\"text-editor.default\">\n\t\t\t\t<div class=\"elementor-widget-container\">\n\t\t\t\t\t\t\t\t\t<h2>EDEB Tarjetas de memoria de las Escrituras \u2013 Haz tu propio set<\/h2>\nEstas tarjetas de memoria de las Escrituras cubren cada vers\u00edculo de memoria en las 101 lecciones de la Escuela de Evangelismo B\u00edblico. La escuela desea agradecer a Logan Howe por esta idea y su trabajo voluntario en estas tarjetas.\n<h4>Instrucciones:<\/h4>\n<ol>\n \t<li>Descargue el archivo con las <a href=\"https:\/\/biblicalevangelism.com\/wp-content\/uploads\/2018\/03\/SOBE_Memory_Verses_ver1.3.zip\" target=\"_blank\" rel=\"noopener\">Tarjetas de Memoria de las Escrituras haciendo clic aqu\u00ed<\/a> y gu\u00e1rdelo en su computadora.<\/li>\n \t<li>Utilice ZIP para descomprimir el archivo. (Si no tiene uno, puede descargar gratuitamente <a href=\"http:\/\/download.cnet.com\/archive\/3000-2250_4-10287258.html\" target=\"_blank\" rel=\"noopener\">ZipReader<\/a> para Windows; Mac est\u00e1 integrado.)<\/li>\n \t<li>Abra el archivo en su Visor de PDF (<a href=\"https:\/\/get.adobe.com\/reader\/\" target=\"_blank\" rel=\"noopener\">Adobe Acrobat Reader<\/a> o Preview para Mac).<\/li>\n \t<li>Imprima el archivo en modo horizontal en hoja carta (necesitar\u00e1 27 hojas). Debe imprimirlo en modo horizontal y es posible que deba marcar la casilla &#8220;escalar para ajustar&#8221; en sus opciones de impresi\u00f3n. Las tarjetas est\u00e1n dise\u00f1adas como tarjetas de 3 \u2033 x 5 \u2033&#8230; pero dado que algunas impresoras tienen m\u00e1rgenes m\u00e1s grandes, la opci\u00f3n \u201cescalar para ajustar\u201d puede verse obligada a reducir un poco las tarjetas para poder colocar las cuatro en la p\u00e1gina.<\/li>\n \t<li>\u00a1Corta las cartas y memor\u00edzalas!<\/li>\n<\/ol>\nLas tarjetas al final del archivo se pueden utilizar para clasificarlas en grupos y revisarlas en d\u00edas espec\u00edficos de la semana.\t\t\t\t\t\t\t\t<\/div>\n\t\t\t\t<\/div>\n\t\t\t\t<div class=\"elementor-element elementor-element-bba0938 elementor-alert-info elementor-widget elementor-widget-alert\" data-id=\"bba0938\" data-element_type=\"widget\" data-widget_type=\"alert.default\">\n\t\t\t\t<div class=\"elementor-widget-container\">\n\t\t\t\t\t\t\t<div class=\"elementor-alert\" role=\"alert\">\n\n\t\t\t\t\t\t<span class=\"elementor-alert-title\">CONSEJO<\/span>\n\t\t\t\n\t\t\t\t\t\t<span class=\"elementor-alert-description\"><p>Tambi\u00e9n puedes utilizar una perforadora en la esquina donde est\u00e1 marcado el c\u00edrculo para poder colocar las tarjetas en anillos organizadores de metal en lugar de simplemente atarlos con una banda el\u00e1stica.<\/p>\n<\/span>\n\t\t\t\n\t\t\t\n\t\t<\/div>\n\t\t\t\t\t\t<\/div>\n\t\t\t\t<\/div>\n\t\t\t\t\t<\/div>\n\t\t<\/div>\n\t\t\t\t\t<\/div>\n\t\t<\/section>\n\t\t\t\t<section class=\"elementor-section elementor-top-section elementor-element elementor-element-3f5d36b elementor-section-boxed elementor-section-height-default elementor-section-height-default\" data-id=\"3f5d36b\" data-element_type=\"section\">\n\t\t\t\t\t\t<div class=\"elementor-container elementor-column-gap-default\">\n\t\t\t\t\t<div class=\"elementor-column elementor-col-100 elementor-top-column elementor-element elementor-element-763f202\" data-id=\"763f202\" data-element_type=\"column\">\n\t\t\t<div class=\"elementor-widget-wrap elementor-element-populated\">\n\t\t\t\t\t\t<div class=\"elementor-element elementor-element-ba172cf elementor-widget elementor-widget-text-editor\" data-id=\"ba172cf\" data-element_type=\"widget\" data-widget_type=\"text-editor.default\">\n\t\t\t\t<div class=\"elementor-widget-container\">\n\t\t\t\t\t\t\t\t\t<h2>Revisi\u00f3n de Los Pasos Mas Importantes:<\/h2>\n<p>Es muy sencillo memorizar las escrituras. Pero no es tan sencillo recordar lo que memorizaste la semana pasada, o a\u00fan hace tres d\u00edas. Esto sin considerar lo que aprendiste hace seis meses.<\/p>\n<h3>Siempre lleva las tarjetas contigo:<\/h3>\n<p>Si es posible procura siempre llevar contigo unos 20 versos, lo cual te ayudar\u00e1 a recordarlos. Revisa estos versos a diario en tu tiempo libre, cuando estas en fila, o a\u00fan en la hora del almuerzo. Cualquier hora del d\u00eda que tengas unos minutos libres te pueden servir para revisar las tarjetas con los versos.<\/p>\n<h3>Organiza las Tarjetas:<\/h3>\n<p>Puedes comprar una caja con divisiones para almacenar las tarjetas por d\u00eda. Tambi\u00e9n puedes dise\u00f1ar tu propia caja para las tarjetas. Etiqueta cada divisi\u00f3n con los d\u00edas de la semana, de la siguiente manera:<\/p>\n<p><i>Domingo | Lunes | Martes | Mi\u00e9rcoles | Jueves | Viernes | S\u00e1bado<\/i><\/p>\n<p>Una vez que ya hayas memorizado 20 versos, memoriza una y gu\u00e1rdala en la caja en \u201cDomingo\u201d. Despu\u00e9s tomas otra tarjeta (la mas antigua de las 20) y la col\u00f3cala en \u201cLunes\u201d. Repite este proceso con cada tarjeta nueva que agregues a las 20 toma la m\u00e1s antigua de las 20 y la guardas en la caja en el siguiente d\u00eda disponible. Ahora el domingo toma las tarjetas de ese d\u00eda y rev\u00edsalas, el lunes igual tomas las tarjetas de ese d\u00eda para revisarlas, y as\u00ed sucesivamente el resto de la semana. Ahora cada d\u00eda de la semana estar\u00e1s revisando las 20 tarjetas que cargas contigo, mas un grupo de tarjetas que ya previamente hab\u00edas memorizado. Este proceso ayudar\u00e1 a firmemente memorizar y guardar la palabra de Dios en tu memoria y coraz\u00f3n.<\/p>\n<h3>Encuentra a un Amigo:<\/h3>\n<p>Tal vez puedas encontrar a un amigo quien te ayude a practicar revisar las tarjetas. Mientras que recitas cada verso, tu amigo te puede ayudar a verificar que recites el verso completo y la referencia correctamente.<\/p>\n\t\t\t\t\t\t\t\t<\/div>\n\t\t\t\t<\/div>\n\t\t\t\t\t<\/div>\n\t\t<\/div>\n\t\t\t\t\t<\/div>\n\t\t<\/section>\n\t\t\t\t<\/div>\n\t\t","protected":false},"excerpt":{"rendered":"<p>Es importante que todo cristiano guarde la palabra de Dios en su coraz\u00f3n. Sin embargo, al igual que el evangelismo, todos sabemos que lo debemos&hellip;<\/p>\n","protected":false},"author":1,"featured_media":0,"parent":0,"menu_order":0,"comment_status":"closed","ping_status":"closed","template":"elementor_header_footer","meta":{"_acf_changed":false,"_exactmetrics_skip_tracking":false,"_exactmetrics_sitenote_active":false,"_exactmetrics_sitenote_note":"","_exactmetrics_sitenote_category":0,"footnotes":""},"class_list":["post-163842","page","type-page","status-publish","hentry"],"acf":[],"yoast_head":"<!-- This site is optimized with the Yoast SEO plugin v26.5 - https:\/\/yoast.com\/wordpress\/plugins\/seo\/ -->\n<title>Memorizando Escrituras - Escuela de Evangelismo B\u00edblico<\/title>\n<meta name=\"robots\" content=\"index, follow, max-snippet:-1, max-image-preview:large, max-video-preview:-1\" \/>\n<link rel=\"canonical\" href=\"https:\/\/biblicalevangelism.com\/es\/memorizando-escrituras\/\" \/>\n<meta property=\"og:locale\" content=\"es_ES\" \/>\n<meta property=\"og:type\" content=\"article\" \/>\n<meta property=\"og:title\" content=\"Memorizando Escrituras - Escuela de Evangelismo B\u00edblico\" \/>\n<meta property=\"og:description\" content=\"Es importante que todo cristiano guarde la palabra de Dios en su coraz\u00f3n. Sin embargo, al igual que el evangelismo, todos sabemos que lo debemos&hellip;\" \/>\n<meta property=\"og:url\" content=\"https:\/\/biblicalevangelism.com\/es\/memorizando-escrituras\/\" \/>\n<meta property=\"og:site_name\" content=\"Escuela de Evangelismo B\u00edblico\" \/>\n<meta property=\"article:publisher\" content=\"https:\/\/www.facebook.com\/lwwotm\/\" \/>\n<meta property=\"article:modified_time\" content=\"2024-03-14T11:26:03+00:00\" \/>\n<meta property=\"og:image\" content=\"https:\/\/biblicalevangelism.com\/wp-content\/uploads\/2018\/03\/sobe-social-share-image.jpg\" \/>\n\t<meta property=\"og:image:width\" content=\"1200\" \/>\n\t<meta property=\"og:image:height\" content=\"630\" \/>\n\t<meta property=\"og:image:type\" content=\"image\/jpeg\" \/>\n<meta name=\"twitter:card\" content=\"summary_large_image\" \/>\n<meta name=\"twitter:site\" content=\"@LivingWatersPub\" \/>\n<script type=\"application\/ld+json\" class=\"yoast-schema-graph\">{\"@context\":\"https:\/\/schema.org\",\"@graph\":[{\"@type\":\"WebPage\",\"@id\":\"https:\/\/biblicalevangelism.com\/es\/memorizando-escrituras\/\",\"url\":\"https:\/\/biblicalevangelism.com\/es\/memorizando-escrituras\/\",\"name\":\"Memorizando Escrituras - Escuela de Evangelismo B\u00edblico\",\"isPartOf\":{\"@id\":\"https:\/\/biblicalevangelism.com\/#website\"},\"datePublished\":\"2018-03-04T06:58:32+00:00\",\"dateModified\":\"2024-03-14T11:26:03+00:00\",\"breadcrumb\":{\"@id\":\"https:\/\/biblicalevangelism.com\/es\/memorizando-escrituras\/#breadcrumb\"},\"inLanguage\":\"es\",\"potentialAction\":[{\"@type\":\"ReadAction\",\"target\":[\"https:\/\/biblicalevangelism.com\/es\/memorizando-escrituras\/\"]}]},{\"@type\":\"BreadcrumbList\",\"@id\":\"https:\/\/biblicalevangelism.com\/es\/memorizando-escrituras\/#breadcrumb\",\"itemListElement\":[{\"@type\":\"ListItem\",\"position\":1,\"name\":\"Inicio\",\"item\":\"https:\/\/biblicalevangelism.com\/es\/\"},{\"@type\":\"ListItem\",\"position\":2,\"name\":\"Memorizando Escrituras\"}]},{\"@type\":\"WebSite\",\"@id\":\"https:\/\/biblicalevangelism.com\/#website\",\"url\":\"https:\/\/biblicalevangelism.com\/\",\"name\":\"Escuela de Evangelismo B\u00edblico\",\"description\":\"Online Bible and Evangelism Courses. Learn to share your faith simply, effectively, and biblically.\",\"publisher\":{\"@id\":\"https:\/\/biblicalevangelism.com\/#organization\"},\"potentialAction\":[{\"@type\":\"SearchAction\",\"target\":{\"@type\":\"EntryPoint\",\"urlTemplate\":\"https:\/\/biblicalevangelism.com\/?s={search_term_string}\"},\"query-input\":{\"@type\":\"PropertyValueSpecification\",\"valueRequired\":true,\"valueName\":\"search_term_string\"}}],\"inLanguage\":\"es\"},{\"@type\":\"Organization\",\"@id\":\"https:\/\/biblicalevangelism.com\/#organization\",\"name\":\"School of Biblical Evangelism\",\"url\":\"https:\/\/biblicalevangelism.com\/\",\"logo\":{\"@type\":\"ImageObject\",\"inLanguage\":\"es\",\"@id\":\"https:\/\/biblicalevangelism.com\/#\/schema\/logo\/image\/\",\"url\":\"https:\/\/biblicalevangelism.com\/wp-content\/uploads\/2017\/08\/sobe-header-logo.png\",\"contentUrl\":\"https:\/\/biblicalevangelism.com\/wp-content\/uploads\/2017\/08\/sobe-header-logo.png\",\"width\":1713,\"height\":450,\"caption\":\"School of Biblical Evangelism\"},\"image\":{\"@id\":\"https:\/\/biblicalevangelism.com\/#\/schema\/logo\/image\/\"},\"sameAs\":[\"https:\/\/www.facebook.com\/lwwotm\/\",\"https:\/\/x.com\/LivingWatersPub\",\"https:\/\/www.instagram.com\/livingwatersofficial\/\",\"https:\/\/www.youtube.com\/thewayofthemaster\"]}]}<\/script>\n<!-- \/ Yoast SEO plugin. -->","yoast_head_json":{"title":"Memorizando Escrituras - Escuela de Evangelismo B\u00edblico","robots":{"index":"index","follow":"follow","max-snippet":"max-snippet:-1","max-image-preview":"max-image-preview:large","max-video-preview":"max-video-preview:-1"},"canonical":"https:\/\/biblicalevangelism.com\/es\/memorizando-escrituras\/","og_locale":"es_ES","og_type":"article","og_title":"Memorizando Escrituras - Escuela de Evangelismo B\u00edblico","og_description":"Es importante que todo cristiano guarde la palabra de Dios en su coraz\u00f3n. Sin embargo, al igual que el evangelismo, todos sabemos que lo debemos&hellip;","og_url":"https:\/\/biblicalevangelism.com\/es\/memorizando-escrituras\/","og_site_name":"Escuela de Evangelismo B\u00edblico","article_publisher":"https:\/\/www.facebook.com\/lwwotm\/","article_modified_time":"2024-03-14T11:26:03+00:00","og_image":[{"width":1200,"height":630,"url":"https:\/\/biblicalevangelism.com\/wp-content\/uploads\/2018\/03\/sobe-social-share-image.jpg","type":"image\/jpeg"}],"twitter_card":"summary_large_image","twitter_site":"@LivingWatersPub","schema":{"@context":"https:\/\/schema.org","@graph":[{"@type":"WebPage","@id":"https:\/\/biblicalevangelism.com\/es\/memorizando-escrituras\/","url":"https:\/\/biblicalevangelism.com\/es\/memorizando-escrituras\/","name":"Memorizando Escrituras - Escuela de Evangelismo B\u00edblico","isPartOf":{"@id":"https:\/\/biblicalevangelism.com\/#website"},"datePublished":"2018-03-04T06:58:32+00:00","dateModified":"2024-03-14T11:26:03+00:00","breadcrumb":{"@id":"https:\/\/biblicalevangelism.com\/es\/memorizando-escrituras\/#breadcrumb"},"inLanguage":"es","potentialAction":[{"@type":"ReadAction","target":["https:\/\/biblicalevangelism.com\/es\/memorizando-escrituras\/"]}]},{"@type":"BreadcrumbList","@id":"https:\/\/biblicalevangelism.com\/es\/memorizando-escrituras\/#breadcrumb","itemListElement":[{"@type":"ListItem","position":1,"name":"Inicio","item":"https:\/\/biblicalevangelism.com\/es\/"},{"@type":"ListItem","position":2,"name":"Memorizando Escrituras"}]},{"@type":"WebSite","@id":"https:\/\/biblicalevangelism.com\/#website","url":"https:\/\/biblicalevangelism.com\/","name":"Escuela de Evangelismo B\u00edblico","description":"Online Bible and Evangelism Courses. Learn to share your faith simply, effectively, and biblically.","publisher":{"@id":"https:\/\/biblicalevangelism.com\/#organization"},"potentialAction":[{"@type":"SearchAction","target":{"@type":"EntryPoint","urlTemplate":"https:\/\/biblicalevangelism.com\/?s={search_term_string}"},"query-input":{"@type":"PropertyValueSpecification","valueRequired":true,"valueName":"search_term_string"}}],"inLanguage":"es"},{"@type":"Organization","@id":"https:\/\/biblicalevangelism.com\/#organization","name":"School of Biblical Evangelism","url":"https:\/\/biblicalevangelism.com\/","logo":{"@type":"ImageObject","inLanguage":"es","@id":"https:\/\/biblicalevangelism.com\/#\/schema\/logo\/image\/","url":"https:\/\/biblicalevangelism.com\/wp-content\/uploads\/2017\/08\/sobe-header-logo.png","contentUrl":"https:\/\/biblicalevangelism.com\/wp-content\/uploads\/2017\/08\/sobe-header-logo.png","width":1713,"height":450,"caption":"School of Biblical Evangelism"},"image":{"@id":"https:\/\/biblicalevangelism.com\/#\/schema\/logo\/image\/"},"sameAs":["https:\/\/www.facebook.com\/lwwotm\/","https:\/\/x.com\/LivingWatersPub","https:\/\/www.instagram.com\/livingwatersofficial\/","https:\/\/www.youtube.com\/thewayofthemaster"]}]}},"_links":{"self":[{"href":"https:\/\/biblicalevangelism.com\/es\/wp-json\/wp\/v2\/pages\/163842","targetHints":{"allow":["GET"]}}],"collection":[{"href":"https:\/\/biblicalevangelism.com\/es\/wp-json\/wp\/v2\/pages"}],"about":[{"href":"https:\/\/biblicalevangelism.com\/es\/wp-json\/wp\/v2\/types\/page"}],"author":[{"embeddable":true,"href":"https:\/\/biblicalevangelism.com\/es\/wp-json\/wp\/v2\/users\/1"}],"replies":[{"embeddable":true,"href":"https:\/\/biblicalevangelism.com\/es\/wp-json\/wp\/v2\/comments?post=163842"}],"version-history":[{"count":8,"href":"https:\/\/biblicalevangelism.com\/es\/wp-json\/wp\/v2\/pages\/163842\/revisions"}],"predecessor-version":[{"id":642016,"href":"https:\/\/biblicalevangelism.com\/es\/wp-json\/wp\/v2\/pages\/163842\/revisions\/642016"}],"wp:attachment":[{"href":"https:\/\/biblicalevangelism.com\/es\/wp-json\/wp\/v2\/media?parent=163842"}],"curies":[{"name":"wp","href":"https:\/\/api.w.org\/{rel}","templated":true}]}}