{"id":163922,"date":"2018-02-26T16:14:08","date_gmt":"2018-02-27T00:14:08","guid":{"rendered":"https:\/\/biblicalevangelism.com\/formulario-de-solicitud-de-inicio-de-sesion\/"},"modified":"2020-04-14T22:26:27","modified_gmt":"2020-04-15T05:26:27","slug":"formulario-de-solicitud-de-inicio-de-sesion","status":"publish","type":"page","link":"https:\/\/biblicalevangelism.com\/es\/formulario-de-solicitud-de-inicio-de-sesion\/","title":{"rendered":"Formulario de Solicitud de Inicio de Sesi\u00f3n"},"content":{"rendered":"\t\t<div data-elementor-type=\"wp-post\" data-elementor-id=\"163922\" class=\"elementor elementor-163922\" data-elementor-settings=\"{&quot;element_pack_global_tooltip_width&quot;:{&quot;unit&quot;:&quot;px&quot;,&quot;size&quot;:&quot;&quot;,&quot;sizes&quot;:[]},&quot;element_pack_global_tooltip_width_tablet&quot;:{&quot;unit&quot;:&quot;px&quot;,&quot;size&quot;:&quot;&quot;,&quot;sizes&quot;:[]},&quot;element_pack_global_tooltip_width_mobile&quot;:{&quot;unit&quot;:&quot;px&quot;,&quot;size&quot;:&quot;&quot;,&quot;sizes&quot;:[]},&quot;element_pack_global_tooltip_padding&quot;:{&quot;unit&quot;:&quot;px&quot;,&quot;top&quot;:&quot;&quot;,&quot;right&quot;:&quot;&quot;,&quot;bottom&quot;:&quot;&quot;,&quot;left&quot;:&quot;&quot;,&quot;isLinked&quot;:true},&quot;element_pack_global_tooltip_padding_tablet&quot;:{&quot;unit&quot;:&quot;px&quot;,&quot;top&quot;:&quot;&quot;,&quot;right&quot;:&quot;&quot;,&quot;bottom&quot;:&quot;&quot;,&quot;left&quot;:&quot;&quot;,&quot;isLinked&quot;:true},&quot;element_pack_global_tooltip_padding_mobile&quot;:{&quot;unit&quot;:&quot;px&quot;,&quot;top&quot;:&quot;&quot;,&quot;right&quot;:&quot;&quot;,&quot;bottom&quot;:&quot;&quot;,&quot;left&quot;:&quot;&quot;,&quot;isLinked&quot;:true},&quot;element_pack_global_tooltip_border_radius&quot;:{&quot;unit&quot;:&quot;px&quot;,&quot;top&quot;:&quot;&quot;,&quot;right&quot;:&quot;&quot;,&quot;bottom&quot;:&quot;&quot;,&quot;left&quot;:&quot;&quot;,&quot;isLinked&quot;:true},&quot;element_pack_global_tooltip_border_radius_tablet&quot;:{&quot;unit&quot;:&quot;px&quot;,&quot;top&quot;:&quot;&quot;,&quot;right&quot;:&quot;&quot;,&quot;bottom&quot;:&quot;&quot;,&quot;left&quot;:&quot;&quot;,&quot;isLinked&quot;:true},&quot;element_pack_global_tooltip_border_radius_mobile&quot;:{&quot;unit&quot;:&quot;px&quot;,&quot;top&quot;:&quot;&quot;,&quot;right&quot;:&quot;&quot;,&quot;bottom&quot;:&quot;&quot;,&quot;left&quot;:&quot;&quot;,&quot;isLinked&quot;:true}}\" data-elementor-post-type=\"page\">\n\t\t\t\t\t\t<section class=\"elementor-section elementor-top-section elementor-element elementor-element-2cc87d5 elementor-section-boxed elementor-section-height-default elementor-section-height-default\" data-id=\"2cc87d5\" data-element_type=\"section\">\n\t\t\t\t\t\t<div class=\"elementor-container elementor-column-gap-default\">\n\t\t\t\t\t<div class=\"elementor-column elementor-col-100 elementor-top-column elementor-element elementor-element-2c4c78f\" data-id=\"2c4c78f\" data-element_type=\"column\">\n\t\t\t<div class=\"elementor-widget-wrap elementor-element-populated\">\n\t\t\t\t\t\t<div class=\"elementor-element elementor-element-bc7c724 elementor-widget elementor-widget-heading\" data-id=\"bc7c724\" data-element_type=\"widget\" data-widget_type=\"heading.default\">\n\t\t\t\t<div class=\"elementor-widget-container\">\n\t\t\t\t\t<h2 class=\"elementor-heading-title elementor-size-default\">SOLICITUD DE INICIAR SESI\u00d3N<\/h2>\t\t\t\t<\/div>\n\t\t\t\t<\/div>\n\t\t\t\t<div class=\"elementor-element elementor-element-aca3e7e elementor-widget elementor-widget-text-editor\" data-id=\"aca3e7e\" data-element_type=\"widget\" data-widget_type=\"text-editor.default\">\n\t\t\t\t<div class=\"elementor-widget-container\">\n\t\t\t\t\t\t\t\t\t<p>Complete el Formulario de Solicitud de Inicio de Sesi\u00f3n a continuaci\u00f3n para solicitar un acceso por primera vez a la escuela como nuevo estudiante. \u00a1Bienvenidos!<\/p>\n\t\t\t\t\t\t\t\t<\/div>\n\t\t\t\t<\/div>\n\t\t\t\t<div class=\"elementor-element elementor-element-a057170 elementor-widget elementor-widget-shortcode\" data-id=\"a057170\" data-element_type=\"widget\" data-widget_type=\"shortcode.default\">\n\t\t\t\t<div class=\"elementor-widget-container\">\n\t\t\t\t\t\t\t<div class=\"elementor-shortcode\"><\/div>\n\t\t\t\t\t\t<\/div>\n\t\t\t\t<\/div>\n\t\t\t\t\t<\/div>\n\t\t<\/div>\n\t\t\t\t\t<\/div>\n\t\t<\/section>\n\t\t\t\t<\/div>\n\t\t","protected":false},"excerpt":{"rendered":"<p>SOLICITUD DE INICIAR SESI\u00d3N Complete el Formulario de Solicitud de Inicio de Sesi\u00f3n a continuaci\u00f3n para solicitar un acceso por primera vez a la escuela&hellip;<\/p>\n","protected":false},"author":1,"featured_media":0,"parent":0,"menu_order":0,"comment_status":"closed","ping_status":"closed","template":"elementor_header_footer","meta":{"_acf_changed":false,"_exactmetrics_skip_tracking":false,"_exactmetrics_sitenote_active":false,"_exactmetrics_sitenote_note":"","_exactmetrics_sitenote_category":0,"footnotes":""},"class_list":["post-163922","page","type-page","status-publish","hentry"],"acf":[],"yoast_head":"<!-- This site is optimized with the Yoast SEO plugin v26.5 - https:\/\/yoast.com\/wordpress\/plugins\/seo\/ -->\n<title>Formulario de Solicitud de Inicio de Sesi\u00f3n - Escuela de Evangelismo B\u00edblico<\/title>\n<meta name=\"robots\" content=\"index, follow, max-snippet:-1, max-image-preview:large, max-video-preview:-1\" \/>\n<link rel=\"canonical\" href=\"https:\/\/biblicalevangelism.com\/es\/formulario-de-solicitud-de-inicio-de-sesion\/\" \/>\n<meta property=\"og:locale\" content=\"es_ES\" \/>\n<meta property=\"og:type\" content=\"article\" \/>\n<meta property=\"og:title\" content=\"Formulario de Solicitud de Inicio de Sesi\u00f3n - Escuela de Evangelismo B\u00edblico\" \/>\n<meta property=\"og:description\" content=\"SOLICITUD DE INICIAR SESI\u00d3N Complete el Formulario de Solicitud de Inicio de Sesi\u00f3n a continuaci\u00f3n para solicitar un acceso por primera vez a la escuela&hellip;\" \/>\n<meta property=\"og:url\" content=\"https:\/\/biblicalevangelism.com\/es\/formulario-de-solicitud-de-inicio-de-sesion\/\" \/>\n<meta property=\"og:site_name\" content=\"Escuela de Evangelismo B\u00edblico\" \/>\n<meta property=\"article:publisher\" content=\"https:\/\/www.facebook.com\/lwwotm\/\" \/>\n<meta property=\"article:modified_time\" content=\"2020-04-15T05:26:27+00:00\" \/>\n<meta property=\"og:image\" content=\"https:\/\/biblicalevangelism.com\/wp-content\/uploads\/2018\/03\/sobe-social-share-image.jpg\" \/>\n\t<meta property=\"og:image:width\" content=\"1200\" \/>\n\t<meta property=\"og:image:height\" content=\"630\" \/>\n\t<meta property=\"og:image:type\" content=\"image\/jpeg\" \/>\n<meta name=\"twitter:card\" content=\"summary_large_image\" \/>\n<meta name=\"twitter:site\" content=\"@LivingWatersPub\" \/>\n<script type=\"application\/ld+json\" class=\"yoast-schema-graph\">{\"@context\":\"https:\/\/schema.org\",\"@graph\":[{\"@type\":\"WebPage\",\"@id\":\"https:\/\/biblicalevangelism.com\/es\/formulario-de-solicitud-de-inicio-de-sesion\/\",\"url\":\"https:\/\/biblicalevangelism.com\/es\/formulario-de-solicitud-de-inicio-de-sesion\/\",\"name\":\"Formulario de Solicitud de Inicio de Sesi\u00f3n - Escuela de Evangelismo B\u00edblico\",\"isPartOf\":{\"@id\":\"https:\/\/biblicalevangelism.com\/#website\"},\"datePublished\":\"2018-02-27T00:14:08+00:00\",\"dateModified\":\"2020-04-15T05:26:27+00:00\",\"breadcrumb\":{\"@id\":\"https:\/\/biblicalevangelism.com\/es\/formulario-de-solicitud-de-inicio-de-sesion\/#breadcrumb\"},\"inLanguage\":\"es\",\"potentialAction\":[{\"@type\":\"ReadAction\",\"target\":[\"https:\/\/biblicalevangelism.com\/es\/formulario-de-solicitud-de-inicio-de-sesion\/\"]}]},{\"@type\":\"BreadcrumbList\",\"@id\":\"https:\/\/biblicalevangelism.com\/es\/formulario-de-solicitud-de-inicio-de-sesion\/#breadcrumb\",\"itemListElement\":[{\"@type\":\"ListItem\",\"position\":1,\"name\":\"Inicio\",\"item\":\"https:\/\/biblicalevangelism.com\/es\/\"},{\"@type\":\"ListItem\",\"position\":2,\"name\":\"Formulario de Solicitud de Inicio de Sesi\u00f3n\"}]},{\"@type\":\"WebSite\",\"@id\":\"https:\/\/biblicalevangelism.com\/#website\",\"url\":\"https:\/\/biblicalevangelism.com\/\",\"name\":\"Escuela de Evangelismo B\u00edblico\",\"description\":\"Online Bible and Evangelism Courses. Learn to share your faith simply, effectively, and biblically.\",\"publisher\":{\"@id\":\"https:\/\/biblicalevangelism.com\/#organization\"},\"potentialAction\":[{\"@type\":\"SearchAction\",\"target\":{\"@type\":\"EntryPoint\",\"urlTemplate\":\"https:\/\/biblicalevangelism.com\/?s={search_term_string}\"},\"query-input\":{\"@type\":\"PropertyValueSpecification\",\"valueRequired\":true,\"valueName\":\"search_term_string\"}}],\"inLanguage\":\"es\"},{\"@type\":\"Organization\",\"@id\":\"https:\/\/biblicalevangelism.com\/#organization\",\"name\":\"School of Biblical Evangelism\",\"url\":\"https:\/\/biblicalevangelism.com\/\",\"logo\":{\"@type\":\"ImageObject\",\"inLanguage\":\"es\",\"@id\":\"https:\/\/biblicalevangelism.com\/#\/schema\/logo\/image\/\",\"url\":\"https:\/\/biblicalevangelism.com\/wp-content\/uploads\/2017\/08\/sobe-header-logo.png\",\"contentUrl\":\"https:\/\/biblicalevangelism.com\/wp-content\/uploads\/2017\/08\/sobe-header-logo.png\",\"width\":1713,\"height\":450,\"caption\":\"School of Biblical Evangelism\"},\"image\":{\"@id\":\"https:\/\/biblicalevangelism.com\/#\/schema\/logo\/image\/\"},\"sameAs\":[\"https:\/\/www.facebook.com\/lwwotm\/\",\"https:\/\/x.com\/LivingWatersPub\",\"https:\/\/www.instagram.com\/livingwatersofficial\/\",\"https:\/\/www.youtube.com\/thewayofthemaster\"]}]}<\/script>\n<!-- \/ Yoast SEO plugin. -->","yoast_head_json":{"title":"Formulario de Solicitud de Inicio de Sesi\u00f3n - Escuela de Evangelismo B\u00edblico","robots":{"index":"index","follow":"follow","max-snippet":"max-snippet:-1","max-image-preview":"max-image-preview:large","max-video-preview":"max-video-preview:-1"},"canonical":"https:\/\/biblicalevangelism.com\/es\/formulario-de-solicitud-de-inicio-de-sesion\/","og_locale":"es_ES","og_type":"article","og_title":"Formulario de Solicitud de Inicio de Sesi\u00f3n - Escuela de Evangelismo B\u00edblico","og_description":"SOLICITUD DE INICIAR SESI\u00d3N Complete el Formulario de Solicitud de Inicio de Sesi\u00f3n a continuaci\u00f3n para solicitar un acceso por primera vez a la escuela&hellip;","og_url":"https:\/\/biblicalevangelism.com\/es\/formulario-de-solicitud-de-inicio-de-sesion\/","og_site_name":"Escuela de Evangelismo B\u00edblico","article_publisher":"https:\/\/www.facebook.com\/lwwotm\/","article_modified_time":"2020-04-15T05:26:27+00:00","og_image":[{"width":1200,"height":630,"url":"https:\/\/biblicalevangelism.com\/wp-content\/uploads\/2018\/03\/sobe-social-share-image.jpg","type":"image\/jpeg"}],"twitter_card":"summary_large_image","twitter_site":"@LivingWatersPub","schema":{"@context":"https:\/\/schema.org","@graph":[{"@type":"WebPage","@id":"https:\/\/biblicalevangelism.com\/es\/formulario-de-solicitud-de-inicio-de-sesion\/","url":"https:\/\/biblicalevangelism.com\/es\/formulario-de-solicitud-de-inicio-de-sesion\/","name":"Formulario de Solicitud de Inicio de Sesi\u00f3n - Escuela de Evangelismo B\u00edblico","isPartOf":{"@id":"https:\/\/biblicalevangelism.com\/#website"},"datePublished":"2018-02-27T00:14:08+00:00","dateModified":"2020-04-15T05:26:27+00:00","breadcrumb":{"@id":"https:\/\/biblicalevangelism.com\/es\/formulario-de-solicitud-de-inicio-de-sesion\/#breadcrumb"},"inLanguage":"es","potentialAction":[{"@type":"ReadAction","target":["https:\/\/biblicalevangelism.com\/es\/formulario-de-solicitud-de-inicio-de-sesion\/"]}]},{"@type":"BreadcrumbList","@id":"https:\/\/biblicalevangelism.com\/es\/formulario-de-solicitud-de-inicio-de-sesion\/#breadcrumb","itemListElement":[{"@type":"ListItem","position":1,"name":"Inicio","item":"https:\/\/biblicalevangelism.com\/es\/"},{"@type":"ListItem","position":2,"name":"Formulario de Solicitud de Inicio de Sesi\u00f3n"}]},{"@type":"WebSite","@id":"https:\/\/biblicalevangelism.com\/#website","url":"https:\/\/biblicalevangelism.com\/","name":"Escuela de Evangelismo B\u00edblico","description":"Online Bible and Evangelism Courses. Learn to share your faith simply, effectively, and biblically.","publisher":{"@id":"https:\/\/biblicalevangelism.com\/#organization"},"potentialAction":[{"@type":"SearchAction","target":{"@type":"EntryPoint","urlTemplate":"https:\/\/biblicalevangelism.com\/?s={search_term_string}"},"query-input":{"@type":"PropertyValueSpecification","valueRequired":true,"valueName":"search_term_string"}}],"inLanguage":"es"},{"@type":"Organization","@id":"https:\/\/biblicalevangelism.com\/#organization","name":"School of Biblical Evangelism","url":"https:\/\/biblicalevangelism.com\/","logo":{"@type":"ImageObject","inLanguage":"es","@id":"https:\/\/biblicalevangelism.com\/#\/schema\/logo\/image\/","url":"https:\/\/biblicalevangelism.com\/wp-content\/uploads\/2017\/08\/sobe-header-logo.png","contentUrl":"https:\/\/biblicalevangelism.com\/wp-content\/uploads\/2017\/08\/sobe-header-logo.png","width":1713,"height":450,"caption":"School of Biblical Evangelism"},"image":{"@id":"https:\/\/biblicalevangelism.com\/#\/schema\/logo\/image\/"},"sameAs":["https:\/\/www.facebook.com\/lwwotm\/","https:\/\/x.com\/LivingWatersPub","https:\/\/www.instagram.com\/livingwatersofficial\/","https:\/\/www.youtube.com\/thewayofthemaster"]}]}},"_links":{"self":[{"href":"https:\/\/biblicalevangelism.com\/es\/wp-json\/wp\/v2\/pages\/163922","targetHints":{"allow":["GET"]}}],"collection":[{"href":"https:\/\/biblicalevangelism.com\/es\/wp-json\/wp\/v2\/pages"}],"about":[{"href":"https:\/\/biblicalevangelism.com\/es\/wp-json\/wp\/v2\/types\/page"}],"author":[{"embeddable":true,"href":"https:\/\/biblicalevangelism.com\/es\/wp-json\/wp\/v2\/users\/1"}],"replies":[{"embeddable":true,"href":"https:\/\/biblicalevangelism.com\/es\/wp-json\/wp\/v2\/comments?post=163922"}],"version-history":[{"count":5,"href":"https:\/\/biblicalevangelism.com\/es\/wp-json\/wp\/v2\/pages\/163922\/revisions"}],"predecessor-version":[{"id":174741,"href":"https:\/\/biblicalevangelism.com\/es\/wp-json\/wp\/v2\/pages\/163922\/revisions\/174741"}],"wp:attachment":[{"href":"https:\/\/biblicalevangelism.com\/es\/wp-json\/wp\/v2\/media?parent=163922"}],"curies":[{"name":"wp","href":"https:\/\/api.w.org\/{rel}","templated":true}]}}