{"id":174883,"date":"2018-02-26T15:38:39","date_gmt":"2018-02-26T23:38:39","guid":{"rendered":"https:\/\/biblicalevangelism.com\/como-graduarse\/"},"modified":"2024-03-14T03:19:06","modified_gmt":"2024-03-14T10:19:06","slug":"como-graduarse","status":"publish","type":"page","link":"https:\/\/biblicalevangelism.com\/es\/como-graduarse\/","title":{"rendered":"C\u00f3mo Graduarse"},"content":{"rendered":"\t\t<div data-elementor-type=\"wp-post\" data-elementor-id=\"174883\" class=\"elementor elementor-174883 elementor-17191\" data-elementor-settings=\"{&quot;element_pack_global_tooltip_width&quot;:{&quot;unit&quot;:&quot;px&quot;,&quot;size&quot;:&quot;&quot;,&quot;sizes&quot;:[]},&quot;element_pack_global_tooltip_width_tablet&quot;:{&quot;unit&quot;:&quot;px&quot;,&quot;size&quot;:&quot;&quot;,&quot;sizes&quot;:[]},&quot;element_pack_global_tooltip_width_mobile&quot;:{&quot;unit&quot;:&quot;px&quot;,&quot;size&quot;:&quot;&quot;,&quot;sizes&quot;:[]},&quot;element_pack_global_tooltip_padding&quot;:{&quot;unit&quot;:&quot;px&quot;,&quot;top&quot;:&quot;&quot;,&quot;right&quot;:&quot;&quot;,&quot;bottom&quot;:&quot;&quot;,&quot;left&quot;:&quot;&quot;,&quot;isLinked&quot;:true},&quot;element_pack_global_tooltip_padding_tablet&quot;:{&quot;unit&quot;:&quot;px&quot;,&quot;top&quot;:&quot;&quot;,&quot;right&quot;:&quot;&quot;,&quot;bottom&quot;:&quot;&quot;,&quot;left&quot;:&quot;&quot;,&quot;isLinked&quot;:true},&quot;element_pack_global_tooltip_padding_mobile&quot;:{&quot;unit&quot;:&quot;px&quot;,&quot;top&quot;:&quot;&quot;,&quot;right&quot;:&quot;&quot;,&quot;bottom&quot;:&quot;&quot;,&quot;left&quot;:&quot;&quot;,&quot;isLinked&quot;:true},&quot;element_pack_global_tooltip_border_radius&quot;:{&quot;unit&quot;:&quot;px&quot;,&quot;top&quot;:&quot;&quot;,&quot;right&quot;:&quot;&quot;,&quot;bottom&quot;:&quot;&quot;,&quot;left&quot;:&quot;&quot;,&quot;isLinked&quot;:true},&quot;element_pack_global_tooltip_border_radius_tablet&quot;:{&quot;unit&quot;:&quot;px&quot;,&quot;top&quot;:&quot;&quot;,&quot;right&quot;:&quot;&quot;,&quot;bottom&quot;:&quot;&quot;,&quot;left&quot;:&quot;&quot;,&quot;isLinked&quot;:true},&quot;element_pack_global_tooltip_border_radius_mobile&quot;:{&quot;unit&quot;:&quot;px&quot;,&quot;top&quot;:&quot;&quot;,&quot;right&quot;:&quot;&quot;,&quot;bottom&quot;:&quot;&quot;,&quot;left&quot;:&quot;&quot;,&quot;isLinked&quot;:true}}\" data-elementor-post-type=\"page\">\n\t\t\t\t<div class=\"elementor-element elementor-element-fc0737d e-con-full e-flex e-con e-parent\" data-id=\"fc0737d\" data-element_type=\"container\">\n\t\t\t\t<div class=\"elementor-element elementor-element-93ce5d6 elementor-widget elementor-widget-template\" data-id=\"93ce5d6\" data-element_type=\"widget\" data-widget_type=\"template.default\">\n\t\t\t\t<div class=\"elementor-widget-container\">\n\t\t\t\t\t\t\t<div class=\"elementor-template\">\n\t\t\t\t\t<div data-elementor-type=\"page\" data-elementor-id=\"614761\" class=\"elementor elementor-614761\" data-elementor-settings=\"{&quot;element_pack_global_tooltip_width&quot;:{&quot;unit&quot;:&quot;px&quot;,&quot;size&quot;:&quot;&quot;,&quot;sizes&quot;:[]},&quot;element_pack_global_tooltip_width_tablet&quot;:{&quot;unit&quot;:&quot;px&quot;,&quot;size&quot;:&quot;&quot;,&quot;sizes&quot;:[]},&quot;element_pack_global_tooltip_width_mobile&quot;:{&quot;unit&quot;:&quot;px&quot;,&quot;size&quot;:&quot;&quot;,&quot;sizes&quot;:[]},&quot;element_pack_global_tooltip_padding&quot;:{&quot;unit&quot;:&quot;px&quot;,&quot;top&quot;:&quot;&quot;,&quot;right&quot;:&quot;&quot;,&quot;bottom&quot;:&quot;&quot;,&quot;left&quot;:&quot;&quot;,&quot;isLinked&quot;:true},&quot;element_pack_global_tooltip_padding_tablet&quot;:{&quot;unit&quot;:&quot;px&quot;,&quot;top&quot;:&quot;&quot;,&quot;right&quot;:&quot;&quot;,&quot;bottom&quot;:&quot;&quot;,&quot;left&quot;:&quot;&quot;,&quot;isLinked&quot;:true},&quot;element_pack_global_tooltip_padding_mobile&quot;:{&quot;unit&quot;:&quot;px&quot;,&quot;top&quot;:&quot;&quot;,&quot;right&quot;:&quot;&quot;,&quot;bottom&quot;:&quot;&quot;,&quot;left&quot;:&quot;&quot;,&quot;isLinked&quot;:true},&quot;element_pack_global_tooltip_border_radius&quot;:{&quot;unit&quot;:&quot;px&quot;,&quot;top&quot;:&quot;&quot;,&quot;right&quot;:&quot;&quot;,&quot;bottom&quot;:&quot;&quot;,&quot;left&quot;:&quot;&quot;,&quot;isLinked&quot;:true},&quot;element_pack_global_tooltip_border_radius_tablet&quot;:{&quot;unit&quot;:&quot;px&quot;,&quot;top&quot;:&quot;&quot;,&quot;right&quot;:&quot;&quot;,&quot;bottom&quot;:&quot;&quot;,&quot;left&quot;:&quot;&quot;,&quot;isLinked&quot;:true},&quot;element_pack_global_tooltip_border_radius_mobile&quot;:{&quot;unit&quot;:&quot;px&quot;,&quot;top&quot;:&quot;&quot;,&quot;right&quot;:&quot;&quot;,&quot;bottom&quot;:&quot;&quot;,&quot;left&quot;:&quot;&quot;,&quot;isLinked&quot;:true}}\" data-elementor-post-type=\"elementor_library\">\n\t\t\t\t<div class=\"elementor-element elementor-element-9e48056 e-flex e-con-boxed e-con e-parent\" data-id=\"9e48056\" data-element_type=\"container\" data-settings=\"{&quot;background_background&quot;:&quot;classic&quot;}\">\n\t\t\t\t\t<div class=\"e-con-inner\">\n\t\t<div class=\"elementor-element elementor-element-e86e3fc e-con-full e-flex e-con e-child\" data-id=\"e86e3fc\" data-element_type=\"container\">\n\t\t\t\t<div class=\"elementor-element elementor-element-8c8bc7d elementor-widget elementor-widget-heading\" data-id=\"8c8bc7d\" data-element_type=\"widget\" data-widget_type=\"heading.default\">\n\t\t\t\t<div class=\"elementor-widget-container\">\n\t\t\t\t\t<h2 class=\"elementor-heading-title elementor-size-default\">C\u00f3mo Graduarse<\/h2>\t\t\t\t<\/div>\n\t\t\t\t<\/div>\n\t\t\t\t<\/div>\n\t\t\t\t\t<\/div>\n\t\t\t\t<\/div>\n\t\t\t\t<section class=\"elementor-section elementor-top-section elementor-element elementor-element-422a48d9 elementor-section-boxed elementor-section-height-default elementor-section-height-default\" data-id=\"422a48d9\" data-element_type=\"section\">\n\t\t\t\t\t\t<div class=\"elementor-container elementor-column-gap-default\">\n\t\t\t\t\t<div class=\"elementor-column elementor-col-100 elementor-top-column elementor-element elementor-element-7645d32a\" data-id=\"7645d32a\" data-element_type=\"column\">\n\t\t\t<div class=\"elementor-widget-wrap elementor-element-populated\">\n\t\t\t\t\t\t<div class=\"elementor-element elementor-element-70317a0a elementor-widget elementor-widget-ee-breadcrumbs\" data-id=\"70317a0a\" data-element_type=\"widget\" data-widget_type=\"ee-breadcrumbs.default\">\n\t\t\t\t<div class=\"elementor-widget-container\">\n\t\t\t\t\t<ul class=\"ee-breadcrumbs\" itemscope=\"\" itemtype=\"http:\/\/schema.org\/BreadcrumbList\"><\/ul>\t\t\t\t<\/div>\n\t\t\t\t<\/div>\n\t\t\t\t\t<\/div>\n\t\t<\/div>\n\t\t\t\t\t<\/div>\n\t\t<\/section>\n\t\t\t\t<\/div>\n\t\t\t\t<\/div>\n\t\t\t\t\t\t<\/div>\n\t\t\t\t<\/div>\n\t\t\t\t<\/div>\n\t\t\t\t<section class=\"elementor-section elementor-top-section elementor-element elementor-element-37f8e66 elementor-section-boxed elementor-section-height-default elementor-section-height-default\" data-id=\"37f8e66\" data-element_type=\"section\">\n\t\t\t\t\t\t<div class=\"elementor-container elementor-column-gap-default\">\n\t\t\t\t\t<div class=\"elementor-column elementor-col-100 elementor-top-column elementor-element elementor-element-2cc28378\" data-id=\"2cc28378\" data-element_type=\"column\">\n\t\t\t<div class=\"elementor-widget-wrap elementor-element-populated\">\n\t\t\t\t\t\t<div class=\"elementor-element elementor-element-535ace46 elementor-widget elementor-widget-text-editor\" data-id=\"535ace46\" data-element_type=\"widget\" data-widget_type=\"text-editor.default\">\n\t\t\t\t<div class=\"elementor-widget-container\">\n\t\t\t\t\t\t\t\t\t<h2>C\u00f3mo Graduarse<\/h2>\n<p>Para poder graduarse de la Escuela de Evangelismo B\u00edblico, debe cumplir con los requisitos de graduaci\u00f3n que se detallan a continuaci\u00f3n. En este \u201cexamen final\u201d, su integridad ante el Se\u00f1or se est\u00e1 probando; en otras palabras, tomaremos su palabra en cuanto a que si cumpli\u00f3 o no con todos los requisitos para graduarse.<\/p>\n<p>Debe responder &#8220;s\u00ed&#8221; a todas las siguientes preguntas, y cada una de estas tareas debe haberse realizado desde que comenz\u00f3 la escuela. No se reconocer\u00e1n todas las lecturas, audios y testimonios anteriores.<\/p>\n<p>(No gimiendo &#8211; vea Filipenses 3:13.)<\/p>\n<p>A medida que lee la lista, si hay algunos a los que no puede responder &#8220;s\u00ed&#8221;, debe considerarlos como &#8220;asignaciones&#8221;. Una vez que los complete, regrese y complete el formulario a continuaci\u00f3n. Si cree que tiene una exenci\u00f3n especial para alguno de los requisitos, inf\u00f3rmenos en la secci\u00f3n de comentarios.<\/p>\n<p>(Por ejemplo, uno de los &#8220;Requisitos de acci\u00f3n&#8221; es que usted testifique a un miembro de la familia que no ha sido salvado. Un ejemplo de una excepci\u00f3n ser\u00eda: &#8220;No puedo testificar a un miembro de la familia que no es salvo, porque todos los miembros de mi familia cercana y mi familia extendida son salvos. Sin embargo, he sido testigo a m\u00e1s de uno que sea completo extra\u00f1o a mi familia &#8220;.<\/p>\n\t\t\t\t\t\t\t\t<\/div>\n\t\t\t\t<\/div>\n\t\t\t\t\t<\/div>\n\t\t<\/div>\n\t\t\t\t\t<\/div>\n\t\t<\/section>\n\t\t\t\t<section class=\"elementor-section elementor-top-section elementor-element elementor-element-eb4ea2c elementor-section-boxed elementor-section-height-default elementor-section-height-default\" data-id=\"eb4ea2c\" data-element_type=\"section\">\n\t\t\t\t\t\t<div class=\"elementor-container elementor-column-gap-default\">\n\t\t\t\t\t<div class=\"elementor-column elementor-col-100 elementor-top-column elementor-element elementor-element-f908c5e\" data-id=\"f908c5e\" data-element_type=\"column\" data-settings=\"{&quot;background_background&quot;:&quot;classic&quot;}\">\n\t\t\t<div class=\"elementor-widget-wrap elementor-element-populated\">\n\t\t\t\t\t\t<div class=\"elementor-element elementor-element-1347c36 elementor-widget elementor-widget-heading\" data-id=\"1347c36\" data-element_type=\"widget\" data-widget_type=\"heading.default\">\n\t\t\t\t<div class=\"elementor-widget-container\">\n\t\t\t\t\t<h2 class=\"elementor-heading-title elementor-size-default\">FORMULARIO DE GRADUACI\u00d3N\n<\/h2>\t\t\t\t<\/div>\n\t\t\t\t<\/div>\n\t\t\t\t<div class=\"elementor-element elementor-element-18788da elementor-widget elementor-widget-shortcode\" data-id=\"18788da\" data-element_type=\"widget\" data-widget_type=\"shortcode.default\">\n\t\t\t\t<div class=\"elementor-widget-container\">\n\t\t\t\t\t\t\t<div class=\"elementor-shortcode\"><p><a href=\"https:\/\/biblicalevangelism.com\/es\/login\/\" target=\"_self\">Inicie sesi\u00f3n<\/a> para ver y completar el formulario de requisitos de graduaci\u00f3n. Si has olvidado tu contrase\u00f1a, <a href=\"https:\/\/biblicalevangelism.com\/es\/login\/?action=lostpassword&amp;redirect_to=https%3A%2F%2Fbiblicalevangelism.com%2Fmembers%2Fme\" target=\"_self\">haz clic aqu\u00ed<\/a>.<\/p><\/div>\n\t\t\t\t\t\t<\/div>\n\t\t\t\t<\/div>\n\t\t\t\t\t<\/div>\n\t\t<\/div>\n\t\t\t\t\t<\/div>\n\t\t<\/section>\n\t\t\t\t<\/div>\n\t\t","protected":false},"excerpt":{"rendered":"<p>C\u00f3mo Graduarse Para poder graduarse de la Escuela de Evangelismo B\u00edblico, debe cumplir con los requisitos de graduaci\u00f3n que se detallan a continuaci\u00f3n. En este&hellip;<\/p>\n","protected":false},"author":1,"featured_media":0,"parent":0,"menu_order":0,"comment_status":"closed","ping_status":"closed","template":"elementor_header_footer","meta":{"_acf_changed":false,"_exactmetrics_skip_tracking":false,"_exactmetrics_sitenote_active":false,"_exactmetrics_sitenote_note":"","_exactmetrics_sitenote_category":0,"footnotes":""},"class_list":["post-174883","page","type-page","status-publish","hentry"],"acf":[],"yoast_head":"<!-- This site is optimized with the Yoast SEO plugin v26.5 - https:\/\/yoast.com\/wordpress\/plugins\/seo\/ -->\n<title>C\u00f3mo Graduarse - Escuela de Evangelismo B\u00edblico<\/title>\n<meta name=\"robots\" content=\"index, follow, max-snippet:-1, max-image-preview:large, max-video-preview:-1\" \/>\n<link rel=\"canonical\" href=\"https:\/\/biblicalevangelism.com\/es\/como-graduarse\/\" \/>\n<meta property=\"og:locale\" content=\"es_ES\" \/>\n<meta property=\"og:type\" content=\"article\" \/>\n<meta property=\"og:title\" content=\"C\u00f3mo Graduarse - Escuela de Evangelismo B\u00edblico\" \/>\n<meta property=\"og:description\" content=\"C\u00f3mo Graduarse Para poder graduarse de la Escuela de Evangelismo B\u00edblico, debe cumplir con los requisitos de graduaci\u00f3n que se detallan a continuaci\u00f3n. En este&hellip;\" \/>\n<meta property=\"og:url\" content=\"https:\/\/biblicalevangelism.com\/es\/como-graduarse\/\" \/>\n<meta property=\"og:site_name\" content=\"Escuela de Evangelismo B\u00edblico\" \/>\n<meta property=\"article:publisher\" content=\"https:\/\/www.facebook.com\/lwwotm\/\" \/>\n<meta property=\"article:modified_time\" content=\"2024-03-14T10:19:06+00:00\" \/>\n<meta property=\"og:image\" content=\"https:\/\/biblicalevangelism.com\/wp-content\/uploads\/2018\/03\/sobe-social-share-image.jpg\" \/>\n\t<meta property=\"og:image:width\" content=\"1200\" \/>\n\t<meta property=\"og:image:height\" content=\"630\" \/>\n\t<meta property=\"og:image:type\" content=\"image\/jpeg\" \/>\n<meta name=\"twitter:card\" content=\"summary_large_image\" \/>\n<meta name=\"twitter:site\" content=\"@LivingWatersPub\" \/>\n<script type=\"application\/ld+json\" class=\"yoast-schema-graph\">{\"@context\":\"https:\/\/schema.org\",\"@graph\":[{\"@type\":\"WebPage\",\"@id\":\"https:\/\/biblicalevangelism.com\/es\/como-graduarse\/\",\"url\":\"https:\/\/biblicalevangelism.com\/es\/como-graduarse\/\",\"name\":\"C\u00f3mo Graduarse - Escuela de Evangelismo B\u00edblico\",\"isPartOf\":{\"@id\":\"https:\/\/biblicalevangelism.com\/#website\"},\"datePublished\":\"2018-02-26T23:38:39+00:00\",\"dateModified\":\"2024-03-14T10:19:06+00:00\",\"breadcrumb\":{\"@id\":\"https:\/\/biblicalevangelism.com\/es\/como-graduarse\/#breadcrumb\"},\"inLanguage\":\"es\",\"potentialAction\":[{\"@type\":\"ReadAction\",\"target\":[\"https:\/\/biblicalevangelism.com\/es\/como-graduarse\/\"]}]},{\"@type\":\"BreadcrumbList\",\"@id\":\"https:\/\/biblicalevangelism.com\/es\/como-graduarse\/#breadcrumb\",\"itemListElement\":[{\"@type\":\"ListItem\",\"position\":1,\"name\":\"Inicio\",\"item\":\"https:\/\/biblicalevangelism.com\/es\/\"},{\"@type\":\"ListItem\",\"position\":2,\"name\":\"C\u00f3mo Graduarse\"}]},{\"@type\":\"WebSite\",\"@id\":\"https:\/\/biblicalevangelism.com\/#website\",\"url\":\"https:\/\/biblicalevangelism.com\/\",\"name\":\"Escuela de Evangelismo B\u00edblico\",\"description\":\"Online Bible and Evangelism Courses. Learn to share your faith simply, effectively, and biblically.\",\"publisher\":{\"@id\":\"https:\/\/biblicalevangelism.com\/#organization\"},\"potentialAction\":[{\"@type\":\"SearchAction\",\"target\":{\"@type\":\"EntryPoint\",\"urlTemplate\":\"https:\/\/biblicalevangelism.com\/?s={search_term_string}\"},\"query-input\":{\"@type\":\"PropertyValueSpecification\",\"valueRequired\":true,\"valueName\":\"search_term_string\"}}],\"inLanguage\":\"es\"},{\"@type\":\"Organization\",\"@id\":\"https:\/\/biblicalevangelism.com\/#organization\",\"name\":\"School of Biblical Evangelism\",\"url\":\"https:\/\/biblicalevangelism.com\/\",\"logo\":{\"@type\":\"ImageObject\",\"inLanguage\":\"es\",\"@id\":\"https:\/\/biblicalevangelism.com\/#\/schema\/logo\/image\/\",\"url\":\"https:\/\/biblicalevangelism.com\/wp-content\/uploads\/2017\/08\/sobe-header-logo.png\",\"contentUrl\":\"https:\/\/biblicalevangelism.com\/wp-content\/uploads\/2017\/08\/sobe-header-logo.png\",\"width\":1713,\"height\":450,\"caption\":\"School of Biblical Evangelism\"},\"image\":{\"@id\":\"https:\/\/biblicalevangelism.com\/#\/schema\/logo\/image\/\"},\"sameAs\":[\"https:\/\/www.facebook.com\/lwwotm\/\",\"https:\/\/x.com\/LivingWatersPub\",\"https:\/\/www.instagram.com\/livingwatersofficial\/\",\"https:\/\/www.youtube.com\/thewayofthemaster\"]}]}<\/script>\n<!-- \/ Yoast SEO plugin. -->","yoast_head_json":{"title":"C\u00f3mo Graduarse - Escuela de Evangelismo B\u00edblico","robots":{"index":"index","follow":"follow","max-snippet":"max-snippet:-1","max-image-preview":"max-image-preview:large","max-video-preview":"max-video-preview:-1"},"canonical":"https:\/\/biblicalevangelism.com\/es\/como-graduarse\/","og_locale":"es_ES","og_type":"article","og_title":"C\u00f3mo Graduarse - Escuela de Evangelismo B\u00edblico","og_description":"C\u00f3mo Graduarse Para poder graduarse de la Escuela de Evangelismo B\u00edblico, debe cumplir con los requisitos de graduaci\u00f3n que se detallan a continuaci\u00f3n. En este&hellip;","og_url":"https:\/\/biblicalevangelism.com\/es\/como-graduarse\/","og_site_name":"Escuela de Evangelismo B\u00edblico","article_publisher":"https:\/\/www.facebook.com\/lwwotm\/","article_modified_time":"2024-03-14T10:19:06+00:00","og_image":[{"width":1200,"height":630,"url":"https:\/\/biblicalevangelism.com\/wp-content\/uploads\/2018\/03\/sobe-social-share-image.jpg","type":"image\/jpeg"}],"twitter_card":"summary_large_image","twitter_site":"@LivingWatersPub","schema":{"@context":"https:\/\/schema.org","@graph":[{"@type":"WebPage","@id":"https:\/\/biblicalevangelism.com\/es\/como-graduarse\/","url":"https:\/\/biblicalevangelism.com\/es\/como-graduarse\/","name":"C\u00f3mo Graduarse - Escuela de Evangelismo B\u00edblico","isPartOf":{"@id":"https:\/\/biblicalevangelism.com\/#website"},"datePublished":"2018-02-26T23:38:39+00:00","dateModified":"2024-03-14T10:19:06+00:00","breadcrumb":{"@id":"https:\/\/biblicalevangelism.com\/es\/como-graduarse\/#breadcrumb"},"inLanguage":"es","potentialAction":[{"@type":"ReadAction","target":["https:\/\/biblicalevangelism.com\/es\/como-graduarse\/"]}]},{"@type":"BreadcrumbList","@id":"https:\/\/biblicalevangelism.com\/es\/como-graduarse\/#breadcrumb","itemListElement":[{"@type":"ListItem","position":1,"name":"Inicio","item":"https:\/\/biblicalevangelism.com\/es\/"},{"@type":"ListItem","position":2,"name":"C\u00f3mo Graduarse"}]},{"@type":"WebSite","@id":"https:\/\/biblicalevangelism.com\/#website","url":"https:\/\/biblicalevangelism.com\/","name":"Escuela de Evangelismo B\u00edblico","description":"Online Bible and Evangelism Courses. Learn to share your faith simply, effectively, and biblically.","publisher":{"@id":"https:\/\/biblicalevangelism.com\/#organization"},"potentialAction":[{"@type":"SearchAction","target":{"@type":"EntryPoint","urlTemplate":"https:\/\/biblicalevangelism.com\/?s={search_term_string}"},"query-input":{"@type":"PropertyValueSpecification","valueRequired":true,"valueName":"search_term_string"}}],"inLanguage":"es"},{"@type":"Organization","@id":"https:\/\/biblicalevangelism.com\/#organization","name":"School of Biblical Evangelism","url":"https:\/\/biblicalevangelism.com\/","logo":{"@type":"ImageObject","inLanguage":"es","@id":"https:\/\/biblicalevangelism.com\/#\/schema\/logo\/image\/","url":"https:\/\/biblicalevangelism.com\/wp-content\/uploads\/2017\/08\/sobe-header-logo.png","contentUrl":"https:\/\/biblicalevangelism.com\/wp-content\/uploads\/2017\/08\/sobe-header-logo.png","width":1713,"height":450,"caption":"School of Biblical Evangelism"},"image":{"@id":"https:\/\/biblicalevangelism.com\/#\/schema\/logo\/image\/"},"sameAs":["https:\/\/www.facebook.com\/lwwotm\/","https:\/\/x.com\/LivingWatersPub","https:\/\/www.instagram.com\/livingwatersofficial\/","https:\/\/www.youtube.com\/thewayofthemaster"]}]}},"_links":{"self":[{"href":"https:\/\/biblicalevangelism.com\/es\/wp-json\/wp\/v2\/pages\/174883","targetHints":{"allow":["GET"]}}],"collection":[{"href":"https:\/\/biblicalevangelism.com\/es\/wp-json\/wp\/v2\/pages"}],"about":[{"href":"https:\/\/biblicalevangelism.com\/es\/wp-json\/wp\/v2\/types\/page"}],"author":[{"embeddable":true,"href":"https:\/\/biblicalevangelism.com\/es\/wp-json\/wp\/v2\/users\/1"}],"replies":[{"embeddable":true,"href":"https:\/\/biblicalevangelism.com\/es\/wp-json\/wp\/v2\/comments?post=174883"}],"version-history":[{"count":8,"href":"https:\/\/biblicalevangelism.com\/es\/wp-json\/wp\/v2\/pages\/174883\/revisions"}],"predecessor-version":[{"id":696313,"href":"https:\/\/biblicalevangelism.com\/es\/wp-json\/wp\/v2\/pages\/174883\/revisions\/696313"}],"wp:attachment":[{"href":"https:\/\/biblicalevangelism.com\/es\/wp-json\/wp\/v2\/media?parent=174883"}],"curies":[{"name":"wp","href":"https:\/\/api.w.org\/{rel}","templated":true}]}}